{"id":19259,"date":"2021-01-13T09:15:31","date_gmt":"2021-01-13T06:15:31","guid":{"rendered":"https:\/\/fulldome.pro\/?page_id=19259"},"modified":"2023-03-06T05:52:08","modified_gmt":"2023-03-06T02:52:08","slug":"front-page-2","status":"publish","type":"page","link":"https:\/\/fulldome.pro\/es\/front-page-2\/","title":{"rendered":"Front Page"},"content":{"rendered":"<h2>QUE ES LO QUE HACEMOS<\/h2>\n<h2>NOSOTROS OFRECEMOS SOLUCIONES DE SERVICIO COMPLETO PARA DOMOS<br \/>\nDE PROYECCI\u00d3N: DESDE EL DISE\u00d1O E INGENIER\u00cdA HASTA LA INSTALACI\u00d3N Y<br \/>\nEL SOPORTE POSTVENTA<\/h2>\n<figure><a href=\"https:\/\/fulldome.pro\/event-dome\/\"><img loading=\"lazy\" decoding=\"async\" width=\"525\" height=\"351\" src=\"https:\/\/fulldome.pro\/wp-content\/uploads\/2021\/01\/Tilted-screen-4-1.jpg\" alt=\"Event Dome\" loading=\"lazy\" \/><\/a><\/figure>\n<h3><a href=\"https:\/\/fulldome.pro\/event-dome\/\">DOMOS DE FIESTA Y EVENTOS<\/a><\/h3>\n<p>El complemento perfecto para eventos privados y corporativos. Atraiga 3 veces m\u00e1s visitantes<br \/>\na su lugar con un domo totalmente personalizado y espect\u00e1culos \u00fanicos de domo completo<\/p>\n<p>\t\t\t<a href=\"https:\/\/fulldome.pro\/event-dome\/\" role=\"button\"><br \/>\n\t\t\t\t\t\tPara aprender m\u00e1s<br \/>\n\t\t\t\t\t<\/a><\/p>\n<figure><a href=\"https:\/\/fulldome.pro\/planetariums-and-education-domes\/\"><img loading=\"lazy\" decoding=\"async\" width=\"525\" height=\"350\" src=\"https:\/\/fulldome.pro\/wp-content\/uploads\/2021\/01\/phuket-1-1.jpg\" alt=\"\" loading=\"lazy\" \/><\/a><\/figure>\n<h3><a href=\"https:\/\/fulldome.pro\/planetariums-and-education-domes\/\">PLANETARIOS Y DOMOS EDUCATIVOS<\/a><\/h3>\n<p>Mejora tu planetario o construye desde cero. Ofrecemos sistemas de proyecci\u00f3n rentables en 3K, 4K,<br \/>\n5K y 8K avanzados que se adaptan a pantallas domo de cualquier tama\u00f1o<\/p>\n<p>\t\t\t<a href=\"https:\/\/fulldome.pro\/planetariums-and-education-domes\/\" role=\"button\"><br \/>\n\t\t\t\t\t\tPara aprender m\u00e1s<br \/>\n\t\t\t\t\t<\/a><\/p>\n<figure><a href=\"https:\/\/fulldome.pro\/showcases\/masan-robot-land\/\"><img loading=\"lazy\" decoding=\"async\" width=\"525\" height=\"351\" src=\"https:\/\/fulldome.pro\/wp-content\/uploads\/2021\/01\/masan-1.jpg\" alt=\"\" loading=\"lazy\" \/><\/a><\/figure>\n<h3><a href=\"https:\/\/fulldome.pro\/showcases\/masan-robot-land\/\">PARQUES TEMATICOS<\/a><\/h3>\n<p>Convertiremos la atracci\u00f3n digital en una experiencia inolvidable con nuestras pantallas domo<br \/>\ninmersivas personalizadas, tecnolog\u00eda de proyecci\u00f3n de alta gama y software patentado.<\/p>\n<p>\t\t\t<a href=\"https:\/\/fulldome.pro\/showcases\/masan-robot-land\/\" role=\"button\"><br \/>\n\t\t\t\t\t\tPara aprender m\u00e1s<br \/>\n\t\t\t\t\t<\/a><\/p>\n<h2>PRODUCTOS<\/h2>\n<h2>DESDE 2010 OFRECEMOS UNA COMBINACI\u00d3N EXCEPCIONAL DE DOMOS DE<br \/>\nPROYECCI\u00d3N, SOLUCI\u00d3N DE SERVIDOR \u00daNICO EFICAZ EN ENERG\u00cdA Y ESPECT\u00c1CULOS<br \/>\nFULLDOME IMPRESIONANTES<\/h2>\n<figure><a href=\"https:\/\/fulldome.pro\/domes\/\"><img loading=\"lazy\" decoding=\"async\" width=\"525\" height=\"271\" src=\"https:\/\/fulldome.pro\/wp-content\/uploads\/2021\/03\/Features-2-copy.jpg\" alt=\"\" loading=\"lazy\" \/><\/a><\/figure>\n<h3><a href=\"https:\/\/fulldome.pro\/domes\/\">DOMOS DE PROYECCI\u00d3N<\/a><\/h3>\n<p>Desde domos personales para el estudio hasta domos para eventos, para festivales y pantallas<br \/>\ninmersivas para parques tem\u00e1ticos la soluci\u00f3n para satisfacer sus necesidades.<\/p>\n<p>\t\t\t<a href=\"https:\/\/fulldome.pro\/domes\/\" role=\"button\"><br \/>\n\t\t\t\t\t\tPara aprender m\u00e1s<br \/>\n\t\t\t\t\t<\/a><\/p>\n<figure><a href=\"https:\/\/fulldome.pro\/servers\/\"><img loading=\"lazy\" decoding=\"async\" width=\"525\" height=\"271\" src=\"https:\/\/fulldome.pro\/wp-content\/uploads\/2017\/10\/wechatimg962-96b293cf02-08da991d0ac7a665e760531e67ddfb871.jpeg\" alt=\"\" loading=\"lazy\" \/><\/a><\/figure>\n<h3><a href=\"https:\/\/fulldome.pro\/servers\/\">SISTEMAS DE PROYECCION<\/a><\/h3>\n<p>Para la configuraci\u00f3n de planetarios y proyecci\u00f3n fulldome, pantallas inmersivas 360, pantallas 360 y<br \/>\nproyecci\u00f3n panor\u00e1mica, ahora puede reemplazar las salas de servidores ruidosos y de gran tama\u00f1o con<br \/>\nun solo servidor de Fulldome.pro, controlado desde cualquier lugar a trav\u00e9s de una interfaz f\u00e1cil de<br \/>\nusar.\n<\/p>\n<p>\t\t\t<a href=\"https:\/\/fulldome.pro\/servers\/\" role=\"button\"><br \/>\n\t\t\t\t\t\tPara aprender m\u00e1s<br \/>\n\t\t\t\t\t<\/a><\/p>\n<h2>FULLDOME SHOWS<\/h2>\n<p>La biblioteca m\u00e1s grande de shows fulldome y el paquete de contenido inicial m\u00e1s grande del<br \/>mercado<\/p>\n<p>\t\t\t<a href=\"https:\/\/fulldome.pro\/content\/\" role=\"button\"><br \/>\n\t\t\t\t\t\tPara aprender m\u00e1s<br \/>\n\t\t\t\t\t<\/a><\/p>\n<h2>PROYECTOS<\/h2>\n<h2>M\u00c1S DE 1.300.000 PERSONAS EN TODO EL MUNDO HAN COMPARTIDO<br \/>\nNUESTRAS EXPERIENCIAS INMERSIVAS<\/h2>\n<article id=\"post-24774\">\n<h3>\n\t<a href=\"https:\/\/fulldome.pro\/showcases\/triangle-lab-8m-vertical-dome\/\">Triangle Lab 8M Vertical Dome<\/a><br \/>\n<\/h3>\n<p>When media-based attractions production studio, Triangle Lab approached us about building a vertical projection&#8230;<\/p>\n<p>\t\t\t\t<a href=\"https:\/\/fulldome.pro\/showcases\/triangle-lab-8m-vertical-dome\/\"><\/a><br \/>\n<\/article>\n<article id=\"post-23716\">\n<h3>\n\t<a href=\"https:\/\/fulldome.pro\/showcases\/explorit-domes-switzerland-the-perfect-interactive-experience-for-science-centres\/\">Explorit Domes Switzerland: The Perfect Interactive Experience for Science Centres<\/a><br \/>\n<\/h3>\n<p>The Vision In 2018, Explorit in Switzerland approached Fulldome.pro seeking dynamic and engaging ways&#8230;<\/p>\n<p>\t\t\t\t<a href=\"https:\/\/fulldome.pro\/showcases\/explorit-domes-switzerland-the-perfect-interactive-experience-for-science-centres\/\"><\/a><br \/>\n<\/article>\n<article id=\"post-22989\">\n<h3>\n\t<a href=\"https:\/\/fulldome.pro\/showcases\/betconstruct-come-up-winners-with-two-domes-at-ice-2020\/\">BetConstruct come up winners with two domes at ICE 2020<\/a><br \/>\n<\/h3>\n<p>BetConstruct know a thing or two about backing a winner, so when they needed&#8230;<\/p>\n<p>\t\t\t\t<a href=\"https:\/\/fulldome.pro\/showcases\/betconstruct-come-up-winners-with-two-domes-at-ice-2020\/\"><\/a><br \/>\n<\/article>\n<article id=\"post-21276\">\n<h3>\n\t<a href=\"https:\/\/fulldome.pro\/showcases\/projection-technologies-for-terra-exhibit-at-ithra-in-dhahran-saudi-arabia\/\">Projection technologies for Terra Exhibit at Ithra in Dhahran, Saudi Arabia<\/a><br \/>\n<\/h3>\n<p>In May 2021, Saudi Arabia witnessed the opening of the unique Terra Exhibit at&#8230;<\/p>\n<p>\t\t\t\t<a href=\"https:\/\/fulldome.pro\/showcases\/projection-technologies-for-terra-exhibit-at-ithra-in-dhahran-saudi-arabia\/\"><\/a><br \/>\n<\/article>\n<article id=\"post-21102\">\n<h3>\n\t<a href=\"https:\/\/fulldome.pro\/showcases\/a-new-planetarium-in-lytkarino-russia\/\">A new planetarium in Lytkarino, Russia<\/a><br \/>\n<\/h3>\n<p>The 15th century town of Lytkarino is located just outside the metropolis of Moscow&#8230;.<\/p>\n<p>\t\t\t\t<a href=\"https:\/\/fulldome.pro\/showcases\/a-new-planetarium-in-lytkarino-russia\/\"><\/a><br \/>\n<\/article>\n<p>\t\t\t<a href=\"https:\/\/fulldome.pro\/showcases\/\" role=\"button\"><br \/>\n\t\t\t\t\t\tALL PROJECTS<br \/>\n\t\t\t\t\t<\/a><\/p>\n<p>The Immersive Media Lab is Plymouth University\u2019s latest addition. Centred around immersive, virtual and augmented technologies with the goal of helping students, researchers and industry partners around the city to realise their dream projects. The space and infrastructure of the lab make it an extremely adaptable and professional place to work.<\/p>\n<p>\nThe new lab has the latest VR, AR, Motion capture technologies and now including a 3-meter FullDome system.<\/p>\n<p>\nFullDome\u2019s ease of use and ability to quickly prototype content are a welcome additional to our technical portfolio.<\/p>\n<p>\t\t\t\t\t\t<img decoding=\"async\" src=\"https:\/\/fulldome.pro\/wp-content\/uploads\/2021\/03\/Features.png\" alt=\"Andrew Banks\"><br \/>\n\t\t\t\t\t\t\t\t<cite>Andrew BanksSenior Technician &#8211; Immersive and Digital Arts<\/cite>\t\t\t<\/p>\n<p>As a company, gone a long way in the industry, we are always in a want of good cooperation. Thus, a big thank you to your team for being ready and able to satisfy all our requirements in a high quality and with an obvious conscientiousness and passion. What also influenced on people&#8217;s interest towards DOMS was the conspicuous charisma and devotion guys possess.<\/p>\n<p>\nBetConstruct is hopeful there will be many more projects within which we will work together as after ICE 2020 we felt the inevitable need to make our cooperation ripen.<\/p>\n<p>\t\t\t\t\t\t<img decoding=\"async\" src=\"https:\/\/fulldome.pro\/wp-content\/uploads\/2021\/03\/betconstruct.png\" alt=\"Tatevik Melikyan - Petrosyan\"><br \/>\n\t\t\t\t\t\t\t\t<cite>Tatevik Melikyan &#8211; PetrosyanHead of International Events<\/cite>\t\t\t<\/p>\n<p>We work with Fulldome pro since 2015, so we already familiar with their high-quality dome structures and their state of the art 360 projection systems.\n<\/p>\n<p>\nIn 2020 we have provided together with Fulldome a unique 8-meter outdoor Dome integrated with Simnoa 16 motion effect seats installed in Tel Aviv. Since it was an integrated solution, the project required intensive support and cooperation. We are pleased with the professional service and fast response we got from Fulldome pro team, in different areas such as customized software programming,  far away solving problems via the server and far away training.\n<\/p>\n<p>\t\t\t\t\t\t<img decoding=\"async\" src=\"https:\/\/fulldome.pro\/wp-content\/uploads\/2021\/03\/Simnoa.png\" alt=\"ASSI YARDENI\"><br \/>\n\t\t\t\t\t\t\t\t<cite>ASSI YARDENICEO at Simnoa Technologies<\/cite><br \/>\n\t\t\t\t\t\t\t\t\t\t\t\t\t\tPrevious<br \/>\n\t\t\t\t\t\t\t\t\t\t\t\t\t\tNext<\/p>\n<h2>BLOG<\/h2>\n<h2>CONOZCA M\u00c1S SOBRE DOMOS DE PROYECCI\u00d3N, LAS \u00daLTIMAS TENDENCIAS<\/h2>\n<p>\t\t\t<a href=\"https:\/\/fulldome.pro\/blog\/\" role=\"button\"><br \/>\n\t\t\t\t\t\tTodos los articulos<br \/>\n\t\t\t\t\t<\/a><\/p>\n<h2>YOUTUBE<\/h2>\n<h2>HEMOS CREADO M\u00c1S DE 100 VIDEOS SOBRE FULLDOME TECH Y NUESTROS<br \/>\nPROYECTOS<\/h2>\n<p>\t\t\t\t\t\t\t<a href=\"https:\/\/fulldome.pro\/wp-content\/uploads\/2021\/01\/VR-for-business.jpg\" data-elementor-open-lightbox=\"yes\" data-elementor-lightbox-slideshow=\"07935ed\" data-elementor-lightbox-title=\"VR-for-business\" e-action-hash=\"#elementor-action%3Aaction%3Dlightbox%26settings%3DeyJpZCI6MTkzMDAsInVybCI6Imh0dHBzOlwvXC9mdWxsZG9tZS5wcm9cL3dwLWNvbnRlbnRcL3VwbG9hZHNcLzIwMjFcLzAxXC9WUi1mb3ItYnVzaW5lc3MuanBnIiwic2xpZGVzaG93IjoiMDc5MzVlZCJ9\" data-elementor-lightbox-video=\"https:\/\/www.youtube.com\/embed\/oymfUX6-yDI?feature=oembed&amp;autoplay=1&amp;rel=0&amp;controls=0\"><br \/>\n\t\t\t\t\t\t\t\t\t\tPlay<br \/>\n\t\t<\/a><br \/>\n\t\t\t\t\t\t\t<a href=\"https:\/\/fulldome.pro\/wp-content\/uploads\/2021\/01\/20m-dome.jpg\" data-elementor-open-lightbox=\"yes\" data-elementor-lightbox-slideshow=\"07935ed\" data-elementor-lightbox-title=\"20m-dome\" e-action-hash=\"#elementor-action%3Aaction%3Dlightbox%26settings%3DeyJpZCI6MTkyOTksInVybCI6Imh0dHBzOlwvXC9mdWxsZG9tZS5wcm9cL3dwLWNvbnRlbnRcL3VwbG9hZHNcLzIwMjFcLzAxXC8yMG0tZG9tZS5qcGciLCJzbGlkZXNob3ciOiIwNzkzNWVkIn0%3D\" data-elementor-lightbox-video=\"https:\/\/www.youtube.com\/embed\/aYEmCPzyJBg?feature=oembed&amp;autoplay=1&amp;rel=0&amp;controls=0\"><br \/>\n\t\t\t\t\t\t\t\t\t\tPlay<br \/>\n\t\t<\/a><br \/>\n\t\t\t\t\t\t\t<a href=\"https:\/\/fulldome.pro\/wp-content\/uploads\/2021\/01\/FAQ_-Customized-covers.jpg\" data-elementor-open-lightbox=\"yes\" data-elementor-lightbox-slideshow=\"07935ed\" data-elementor-lightbox-title=\"FAQ - Customized covers\" e-action-hash=\"#elementor-action%3Aaction%3Dlightbox%26settings%3DeyJpZCI6MTkzMjcsInVybCI6Imh0dHBzOlwvXC9mdWxsZG9tZS5wcm9cL3dwLWNvbnRlbnRcL3VwbG9hZHNcLzIwMjFcLzAxXC9GQVFfLUN1c3RvbWl6ZWQtY292ZXJzLmpwZyIsInNsaWRlc2hvdyI6IjA3OTM1ZWQifQ%3D%3D\" data-elementor-lightbox-video=\"https:\/\/www.youtube.com\/embed\/UA4OtCGwTAk?feature=oembed&amp;autoplay=1&amp;rel=0&amp;controls=0\"><br \/>\n\t\t\t\t\t\t\t\t\t\tPlay<br \/>\n\t\t<\/a><br \/>\n\t\t\t\t\t\t\t\t\t\t\t\t\t\tPrevious<br \/>\n\t\t\t\t\t\t\t\t\t\t\t\t\t\tNext<br \/>\n\t\t\t<a href=\"https:\/\/www.youtube.com\/c\/fulldomepro\" target=\"_blank\" role=\"button\" rel=\"noopener\"><br \/>\n\t\t\t\t\t\tMirar mas en Youtube<br \/>\n\t\t\t\t\t<\/a><\/p>\n<h2>trabajamos con<\/h2>\n<p>\t\t\t\t\t\t\t\t\t\t\t\t\t\tPrevious<br \/>\n\t\t\t\t\t\t\t\t\t\t\t\t\t\tNext<br \/>\n\t\t\t\t\t\t\t\t\t\t\t\t<img loading=\"lazy\" decoding=\"async\" width=\"2000\" height=\"350\" src=\"https:\/\/fulldome.pro\/wp-content\/uploads\/2022\/04\/contacts-header.jpg\" alt=\"\" loading=\"lazy\" srcset=\"https:\/\/fulldome.pro\/wp-content\/uploads\/2022\/04\/contacts-header.jpg 2000w, https:\/\/fulldome.pro\/wp-content\/uploads\/2022\/04\/contacts-header-300x53.jpg 300w, https:\/\/fulldome.pro\/wp-content\/uploads\/2022\/04\/contacts-header-1024x179.jpg 1024w, https:\/\/fulldome.pro\/wp-content\/uploads\/2022\/04\/contacts-header-768x134.jpg 768w, https:\/\/fulldome.pro\/wp-content\/uploads\/2022\/04\/contacts-header-1536x269.jpg 1536w\" sizes=\"100vw\" \/>\t\t\t\t\t\t\t\t\t\t\t\t\t\t<\/p>\n<h2>CONTACTOS<\/h2>\n<h2>NUESTRO EQUIPO ESTAR\u00c1 ENCANTADO DE DISCUTIR C\u00d3MO PODEMOS<br \/>\nCONVERTIR CUALQUIER IDEA EN REALIDAD<\/h2>\n<ul>\n<li><img decoding=\"async\" src=\"https:\/\/fulldome.pro\/wp-content\/uploads\/2021\/06\/flags_USA.png\" alt=\"flags_USA\" \/>USA<\/li>\n<li><img decoding=\"async\" src=\"https:\/\/fulldome.pro\/wp-content\/uploads\/2021\/06\/flags-thai.png\" alt=\"flags-thai\" \/>ASIA Pacific<\/li>\n<li><img decoding=\"async\" src=\"https:\/\/fulldome.pro\/wp-content\/uploads\/2021\/06\/flags_RUSSIA.png\" alt=\"flags_RUSSIA\" \/>Russia<\/li>\n<li><img decoding=\"async\" src=\"https:\/\/fulldome.pro\/wp-content\/uploads\/2021\/06\/flag-india.png\" alt=\"flag-india\" \/>India<\/li>\n<li><img decoding=\"async\" src=\"https:\/\/fulldome.pro\/wp-content\/uploads\/2021\/06\/flag-china.png\" alt=\"flag-china\" \/>China<\/li>\n<li><img decoding=\"async\" src=\"https:\/\/fulldome.pro\/wp-content\/uploads\/2022\/04\/pngegg.png\" alt=\"pngegg\" \/>Australia<\/li>\n<\/ul>\n<p><img decoding=\"async\" src=\"https:\/\/fulldome.pro\/wp-content\/uploads\/2021\/06\/flags_USA.png\" alt=\"flags_USA\" \/>USA<\/p>\n<h2>USA<\/h2>\n<p>148 S Anderson St., Los Angeles, CA, 90033<\/p>\n<p>Tel: <a href=\"tel:+1562 3863107\">+1 562 386-3107<\/a><img decoding=\"async\" src=\"https:\/\/fulldome.pro\/wp-content\/uploads\/2021\/06\/flags-thai.png\" alt=\"flags-thai\" \/>ASIA Pacific<\/p>\n<h2>ASIA SALES<\/h2>\n<h4>Fulldome.pro Co., Ltd.<\/h4>\n<p>67 Moo<br \/>\n1T. Baan Pong, A. Hang Dong,<br \/>\nChiang Mai 50230<\/p>\n<p>Tel:<br \/>\n<a href=\"tel:+66 817833309\">+66 817833309<\/a><br \/>\n<a href=\"tel:+66982866360\">+66 982866360<\/a><img decoding=\"async\" src=\"https:\/\/fulldome.pro\/wp-content\/uploads\/2021\/06\/flags_RUSSIA.png\" alt=\"flags_RUSSIA\" \/>Russia<\/p>\n<h2>RUSSIA SALES<\/h2>\n<h4>Planetariums and educational projects<\/h4>\n<p>Yaroslav Gubchenko<\/p>\n<p>Tel: <a href=\"tel:+7800 7075701\">8 800 707 57 01<\/a><\/p>\n<p><img decoding=\"async\" src=\"https:\/\/fulldome.pro\/wp-content\/uploads\/2021\/06\/flag-india.png\" alt=\"flag-india\" \/>India<\/p>\n<h2>INDIA SALES<\/h2>\n<p>Flat 403 Tower 17,<br \/>Unitech Habitat,<br \/>Sector PI-2,<br \/>Greater Noida, 201308<\/p>\n<p>tel: <a href=\"tel:+919811301514\"> +91 98113 01514<\/a><\/p>\n<p>\u00a0<\/p>\n<p><img decoding=\"async\" src=\"https:\/\/fulldome.pro\/wp-content\/uploads\/2021\/06\/flag-china.png\" alt=\"flag-china\" \/>China<\/p>\n<h2>CHINA SALES<\/h2>\n<p>No.8 building, No. 1098 Chuansha Road, Pudong New Area, Shanghai, China<\/p>\n<h4>GM ASSISTANT<\/h4>\n<p>\u00a0XING HONGXIANG \u90a2\u5b8f\u7965tel: <a href=\"tel:18819340803\">188 1934 0803<\/a><br \/>email: <a href=\"mailto:xinghongxiang@fulldome.pro\">xinghongxiang@fulldome.pro<\/a><br \/>skype: <a href=\"skype:babexhx?chat\">babexhx<\/a><a href=\"\/\/dl\/chat?xinghongxiang\" target=\"_blank\" rel=\"noopener\"><br \/><img decoding=\"async\" title=\"QR \u043a\u043e\u0434\" src=\"https:\/\/fulldome.pro\/wp-content\/uploads\/2017\/10\/wechatimg3-656cf34a1b1.jpeg\" width=\"70\" height=\"70\" border=\"0\" \/><br \/><\/a><\/p>\n<h4>China Official Documents<\/h4>\n<p>The Fulldome.pro company is officially headquartered in Los Angeles, USA and trading as 360Dome.pro. The Fulldome.pro trademark is officially registered in mainland China, Hong Kong and Macao owned by the company.<\/p>\n<p>Fulldome.pro in mainland China, Hong Kong, Macao is now officially represented by two proprietary companies:<\/p>\n<ol>\n<li>Fulldome World (Shenzhen) Technology Co., Ltd.<\/li>\n<li>Shanghai Veda Culture Communication Co., Ltd.<\/li>\n<\/ol>\n<p>Fulldome.pro also has other sales representatives in mainland China.<\/p>\n<p>All official dealers and sales representatives of Fulldome.pro have been provided with a letter of authorization to act on behalf of Fulldome.pro and to execute specific projects.<\/p>\n<p>Full Dome Pro. Co., Ltd. authorize Yudong Media(Xi&#8217;an)Co. Ltd. to the General agent in Mainland China, authorized to distribute multimedia dome theatres and Fulldome content, to promote, distribute, sell any digital projection solutions and software in China.<\/p>\n<p>The letter of authorization will be valid until 31.12.2022.<\/p>\n<p>Full Dome Pro. Co., Ltd.\u6388\u6743\u9a6d\u52a8\u4f20\u5a92(\u2ec4\u5b89)\u80a1\u4efd\u6709\u9650 \u516c\u53f8\u4e3a\u4e2d\u56fd\u533a\u57df\u603b\u4ee3\u7406\uff0c\u6388\u4e88\u591a\u5a92\u4f53\u7403\u5e55\u5f71\u9662\u548cFulldome\u5185\u5bb9\u7684\u7ecf\u9500\u6743\u5229\uff0c\u4ece\u4e8b\u4e2d\u56fd \u533a\u57df\u7403\u5e55\u6570\u5b57\u6295\u5f71\u89e3\u51b3\u65b9\u6848\u548c\u8f6f\u4ef6\u7684\u63a8\u5e7f\u3001\u5206\u9500\u3001\u9500\u552e\u3002<\/p>\n<p>\u6388\u6743\u4e66\u81ea\u76d6\u7ae0\u8d77\u751f\u6548\uff0c\u6709\u6548\u671f\u622a\u6b62\u81f32022\u5e7412\u670831\u65e5\u3002<\/p>\n<p><img decoding=\"async\" src=\"https:\/\/fulldome.pro\/wp-content\/uploads\/2022\/04\/pngegg.png\" alt=\"pngegg\" \/>Australia<\/p>\n<h2>AUSTRALIA SALES<\/h2>\n<p>Spear Street<br \/>\nCape Paterson, Victoria<\/p>\n<p>Tel:<br \/>\n<a href=\"tel:+61458817633\">+61 458-817-633<br \/>\n<\/a><br \/>\n\t\t\n<div class=\"wpcf7 no-js\" id=\"wpcf7-f25806-o1\" lang=\"en-US\" dir=\"ltr\">\n<div class=\"screen-reader-response\"><p role=\"status\" aria-live=\"polite\" aria-atomic=\"true\"><\/p> <ul><\/ul><\/div>\n<form action=\"\/es\/wp-json\/wp\/v2\/pages\/19259#wpcf7-f25806-o1\" method=\"post\" class=\"wpcf7-form init\" aria-label=\"Contact form\" novalidate=\"novalidate\" data-status=\"init\">\n<div style=\"display: none;\">\n<input type=\"hidden\" name=\"_wpcf7\" value=\"25806\" \/>\n<input type=\"hidden\" name=\"_wpcf7_version\" value=\"5.9.8\" \/>\n<input type=\"hidden\" name=\"_wpcf7_locale\" value=\"en_US\" \/>\n<input type=\"hidden\" name=\"_wpcf7_unit_tag\" value=\"wpcf7-f25806-o1\" \/>\n<input type=\"hidden\" name=\"_wpcf7_container_post\" value=\"0\" \/>\n<input type=\"hidden\" name=\"_wpcf7_posted_data_hash\" value=\"\" \/>\n<input type=\"hidden\" name=\"_wpcf7cf_hidden_group_fields\" value=\"[]\" \/>\n<input type=\"hidden\" name=\"_wpcf7cf_hidden_groups\" value=\"[]\" \/>\n<input type=\"hidden\" name=\"_wpcf7cf_visible_groups\" value=\"[]\" \/>\n<input type=\"hidden\" name=\"_wpcf7cf_repeaters\" value=\"[]\" \/>\n<input type=\"hidden\" name=\"_wpcf7cf_steps\" value=\"{}\" \/>\n<input type=\"hidden\" name=\"_wpcf7cf_options\" value=\"{&quot;form_id&quot;:25806,&quot;conditions&quot;:[],&quot;settings&quot;:{&quot;animation&quot;:&quot;yes&quot;,&quot;animation_intime&quot;:200,&quot;animation_outtime&quot;:200,&quot;conditions_ui&quot;:&quot;normal&quot;,&quot;notice_dismissed&quot;:true,&quot;notice_dismissed_update-cf7-5.7.2&quot;:true,&quot;notice_dismissed_update-cf7-5.7.4&quot;:true,&quot;notice_dismissed_update-cf7-5.7.5.1&quot;:true,&quot;notice_dismissed_update-cf7-5.7.7&quot;:true,&quot;notice_dismissed_update-cf7-5.8&quot;:true,&quot;notice_dismissed_rollback-cf7-5.9.4&quot;:true}}\" \/>\n<input type=\"hidden\" name=\"_wpcf7_recaptcha_response\" value=\"\" \/>\n<\/div>\n<h3>Haga su pregunta\n<\/h3>\n<p><label> Su nombre *<br \/>\n<span class=\"wpcf7-form-control-wrap\" data-name=\"your-name\"><input size=\"40\" maxlength=\"400\" class=\"wpcf7-form-control wpcf7-text wpcf7-validates-as-required\" aria-required=\"true\" aria-invalid=\"false\" value=\"\" type=\"text\" name=\"your-name\" \/><\/span><\/label>\n<\/p>\n<p><label> Su correo electr\u00f3nico *<br \/>\n<span class=\"wpcf7-form-control-wrap\" data-name=\"your-email\"><input size=\"40\" maxlength=\"400\" class=\"wpcf7-form-control wpcf7-email wpcf7-validates-as-required wpcf7-text wpcf7-validates-as-email\" aria-required=\"true\" aria-invalid=\"false\" value=\"\" type=\"email\" name=\"your-email\" \/><\/span> <\/label>\n<\/p>\n<p><label> Su numero telefonico *<br \/>\n<span class=\"wpcf7-form-control-wrap\" data-name=\"your-phone\"><input size=\"40\" class=\"wpcf7-form-control wpcf7-phonetext wpcf7-validates-as-required wpcf7-text wpcf7-validates-as-phonetext\" aria-required=\"true\" aria-invalid=\"false\" value=\"\" type=\"text\" name=\"your-phone\" \/><input type=\"hidden\" name=\"your-phone-country-code\" class=\"wpcf7-phonetext-country-code\" \/><\/span><\/label>\n<\/p>\n<p><label> Su pais *<br \/>\n<span class=\"wpcf7-form-control-wrap\" data-name=\"country\"><input size=\"40\" class=\"wpcf7-form-control wpcf7-countrytext wpcf7-validates-as-required wpcf7-text wpcf7-validates-as-countrytext\" aria-required=\"true\" aria-invalid=\"false\" value=\"\" type=\"text\" name=\"country\" \/><\/span><\/label>\n<\/p>\n<p><label> Su pregunta *<br \/>\n<span class=\"wpcf7-form-control-wrap\" data-name=\"your-question\"><textarea cols=\"40\" rows=\"4\" maxlength=\"2000\" class=\"wpcf7-form-control wpcf7-textarea wpcf7-validates-as-required\" aria-required=\"true\" aria-invalid=\"false\" name=\"your-question\"><\/textarea><\/span> <\/label>\n<\/p>\n<p><div id=\"cf7sr-69e0605168313\" class=\"cf7sr-g-recaptcha\" data-theme=\"light\" data-type=\"image\" data-size=\"compact\" data-sitekey=\"6LdGljEqAAAAAFXPlXKlMeWCHatKJtVU_r6_rRCc\"><\/div><span class=\"wpcf7-form-control-wrap cf7sr-recaptcha\" data-name=\"cf7sr-recaptcha\"><input type=\"hidden\" name=\"cf7sr-recaptcha\" value=\"\" class=\"wpcf7-form-control\"><\/span><br \/>\n<br \/>\n<input class=\"wpcf7-form-control wpcf7-submit has-spinner\" type=\"submit\" value=\"HACER PREGUNTA\" \/>\n<\/p><div class=\"wpcf7-response-output\" aria-hidden=\"true\"><\/div>\n<\/form>\n<\/div>\n<\/p>\n","protected":false},"excerpt":{"rendered":"<p>QUE ES LO QUE HACEMOS NOSOTROS OFRECEMOS SOLUCIONES DE SERVICIO COMPLETO PARA DOMOS DE PROYECCI\u00d3N: DESDE EL DISE\u00d1O E INGENIER\u00cdA HASTA LA INSTALACI\u00d3N Y EL SOPORTE POSTVENTA DOMOS DE FIESTA Y EVENTOS El complemento perfecto para eventos privados y corporativos. Atraiga 3 veces m\u00e1s visitantes a su lugar con un domo totalmente personalizado y espect\u00e1culos &hellip; <\/p>\n<p class=\"link-more\"><a href=\"https:\/\/fulldome.pro\/es\/front-page-2\/\" class=\"more-link\">Continue reading<span class=\"screen-reader-text\"> &#8220;Front Page&#8221;<\/span><\/a><\/p>\n","protected":false},"author":2,"featured_media":13411,"parent":0,"menu_order":0,"comment_status":"closed","ping_status":"closed","template":"","meta":{"_acf_changed":false,"footnotes":""},"class_list":["post-19259","page","type-page","status-publish","has-post-thumbnail","hentry"],"translation":{"provider":"WPGlobus","version":"3.0.0","language":"es","enabled_languages":["en","ru","th","cn","es","de"],"languages":{"en":{"title":true,"content":true,"excerpt":false},"ru":{"title":false,"content":false,"excerpt":false},"th":{"title":false,"content":false,"excerpt":false},"cn":{"title":true,"content":true,"excerpt":false},"es":{"title":false,"content":true,"excerpt":false},"de":{"title":false,"content":false,"excerpt":false}}},"acf":[],"aioseo_notices":[],"_links":{"self":[{"href":"https:\/\/fulldome.pro\/es\/wp-json\/wp\/v2\/pages\/19259"}],"collection":[{"href":"https:\/\/fulldome.pro\/es\/wp-json\/wp\/v2\/pages"}],"about":[{"href":"https:\/\/fulldome.pro\/es\/wp-json\/wp\/v2\/types\/page"}],"author":[{"embeddable":true,"href":"https:\/\/fulldome.pro\/es\/wp-json\/wp\/v2\/users\/2"}],"replies":[{"embeddable":true,"href":"https:\/\/fulldome.pro\/es\/wp-json\/wp\/v2\/comments?post=19259"}],"version-history":[{"count":315,"href":"https:\/\/fulldome.pro\/es\/wp-json\/wp\/v2\/pages\/19259\/revisions"}],"predecessor-version":[{"id":26856,"href":"https:\/\/fulldome.pro\/es\/wp-json\/wp\/v2\/pages\/19259\/revisions\/26856"}],"wp:featuredmedia":[{"embeddable":true,"href":"https:\/\/fulldome.pro\/es\/wp-json\/wp\/v2\/media\/13411"}],"wp:attachment":[{"href":"https:\/\/fulldome.pro\/es\/wp-json\/wp\/v2\/media?parent=19259"}],"curies":[{"name":"wp","href":"https:\/\/api.w.org\/{rel}","templated":true}]}}